{"id":114,"date":"2025-09-06T11:24:24","date_gmt":"2025-09-06T04:24:24","guid":{"rendered":"https:\/\/grace.bzz.vn\/home\/"},"modified":"2025-11-06T00:22:11","modified_gmt":"2025-11-05T17:22:11","slug":"home","status":"publish","type":"page","link":"https:\/\/graceboutiqueresort.com\/vi\/","title":{"rendered":"Trang ch\u1ee7"},"content":{"rendered":"\t<div id=\"gap-1904346203\" class=\"gap-element clearfix\" style=\"display:block; height:auto;\">\n\t\t\n<style>\n#gap-1904346203 {\n  padding-top: 30px;\n}\n<\/style>\n\t<\/div>\n\t\n<div class=\"row\"  id=\"row-1678744598\">\n\n\t<div id=\"col-1976794852\" class=\"col small-12 large-12\"  >\n\t\t\t\t<div class=\"col-inner\"  >\n\t\t\t\n\t\t\t\n<h1 style=\"text-align: center\">Ch\u00e0o m\u1eebng \u0111\u1ebfn v\u1edbi Khu Ngh\u1ec9 D\u01b0\u1ee1ng Grace Boutique M\u0169i N\u00e9<\/h1>\n<p style=\"text-align: center\">Kh\u00e1m ph\u00e1 m\u1ed9t Khu Ngh\u1ec9 D\u01b0\u1ee1ng \u1ea5m c\u00fang ngay t\u1ea1i b\u00e3i bi\u1ec3n \u0111\u01b0\u1ee3c thi\u1ebft k\u1ebf d\u00e0nh cho nh\u1eefng du kh\u00e1ch s\u00e0nh \u0111i\u1ec7u, t\u1eeb s\u1ef1 y\u00ean b\u00ecnh c\u1ee7a nh\u1eefng khu v\u01b0\u1eddn \u0111\u01b0\u1ee3c ch\u0103m s\u00f3c t\u1ec9 m\u1ec9 \u0111\u1ebfn nh\u1eefng h\u01b0\u01a1ng v\u1ecb s\u1ed1ng \u0111\u1ed9ng c\u1ee7a \u1ea9m th\u1ef1c \u0111\u1ecba ph\u01b0\u01a1ng \u0111\u00edch th\u1ef1c. T\u1ea1i \u0111\u00e2y, m\u1ecdi chi ti\u1ebft \u0111\u1ec1u \u0111\u01b0\u1ee3c ch\u1ecdn l\u1ef1a k\u1ef9 l\u01b0\u1ee1ng v\u00e0 m\u1ecdi kho\u1ea3nh kh\u1eafc \u0111\u1ec1u \u0111\u01b0\u1ee3c t\u1ea1o n\u00ean \u0111\u1ec3 b\u1ea1n tr\u00e2n tr\u1ecdng. H\u00e0nh tr\u00ecnh h\u01b0\u1edbng t\u1edbi s\u1ef1 th\u01b0 gi\u00e3n v\u00f4 song c\u1ee7a b\u1ea1n b\u1eaft \u0111\u1ea7u.<\/p>\n<p><img loading=\"lazy\" decoding=\"async\" class=\"aligncenter wp-image-177 size-full\" src=\"https:\/\/graceboutiqueresort.com\/wp-content\/uploads\/sites\/14\/2025\/11\/home1b.jpg\" alt=\"\" width=\"1024\" height=\"350\" srcset=\"https:\/\/graceboutiqueresort.com\/wp-content\/uploads\/sites\/14\/2025\/11\/home1b.jpg 1024w, https:\/\/graceboutiqueresort.com\/wp-content\/uploads\/sites\/14\/2025\/11\/home1b-300x103.jpg 300w, https:\/\/graceboutiqueresort.com\/wp-content\/uploads\/sites\/14\/2025\/11\/home1b-768x263.jpg 768w\" sizes=\"auto, (max-width: 1024px) 100vw, 1024px\" \/><\/p>\n\t\t<\/div>\n\t\t\t\t\t<\/div>\n\n\t\n<\/div>\n\n\t<section class=\"section\" id=\"section_517740687\">\n\t\t<div class=\"section-bg fill\" >\n\t\t\t\t\t\t\t\t\t<div class=\"section-bg-overlay absolute fill\"><\/div>\n\t\t\t\n\n\t\t<\/div>\n\n\t\t\n\n\t\t<div class=\"section-content relative\">\n\t\t\t\n<div class=\"row row-large align-middle\"  id=\"row-1424094563\">\n\n\t<div id=\"col-663769988\" class=\"col small-12 large-12\"  >\n\t\t\t\t<div class=\"col-inner\"  >\n\t\t\t\n\t\t\t\n<h1>Grace Comfort &#8211; S\u1ef1 Th\u01b0 Th\u00e1i Grace<\/h1>\n<p style=\"text-align: justify\">N\u0103m Thi\u00ean \u0110\u01b0\u1eddng \u0110\u1ed9c \u0110\u00e1o, M\u1ed9t Tri\u1ebft L\u00fd An B\u00ecnh. T\u1ea1i Khu Ngh\u1ec9 D\u01b0\u1ee1ng Grace Boutique, m\u1ed7i ph\u00f2ng c\u1ee7a ch\u00fang t\u00f4i ch\u00ednh l\u00e0 s\u1ef1 s\u1eafp \u0111\u1eb7t tinh t\u1ebf, k\u1ebft h\u1ee3p h\u00e0i h\u00f2a gi\u1eefa l\u1ed1i s\u1ed1ng trong nh\u00e0 v\u00e0 ngo\u00e0i tr\u1eddi v\u1edbi v\u1ebb \u0111\u1eb9p ngo\u1ea1n m\u1ee5c c\u1ee7a M\u0169i N\u00e9. M\u1ed9t gi\u1ea5c ng\u1ee7 s\u00e2u v\u00e0 h\u01a1n th\u1ebf n\u1eefa l\u00e0 \u0111i\u1ec1u ch\u00fang t\u00f4i lu\u00f4n \u0111\u1eb7t l\u00ean h\u00e0ng \u0111\u1ea7u v\u1edbi m\u1ed7i kh\u00e1ch h\u00e0ng ngh\u1ec9 d\u01b0\u1ee1ng t\u1ea1i Grace Boutique.<\/p>\n<a href=\"https:\/\/graceboutiqueresort.com\/rooms-and-suites\/\" class=\"button primary lowercase hidden\" style=\"border-radius:26px;\">\n\t\t<span>Xem th\u00eam...<\/span>\n\t<\/a>\n\n\t\t<\/div>\n\t\t\t\t\t<\/div>\n\n\t\n\n\t<div id=\"col-1763249175\" class=\"col medium-4 small-12 large-4\"  >\n\t\t\t\t<div class=\"col-inner\"  >\n\t\t\t\n\t\t\t\n\t<div class=\"img has-hover x md-x lg-x y md-y lg-y\" id=\"image_722563460\">\n\t\t\t\t\t\t\t\t<div class=\"img-inner dark\" >\n\t\t\t<img loading=\"lazy\" decoding=\"async\" width=\"341\" height=\"330\" src=\"https:\/\/graceboutiqueresort.com\/wp-content\/uploads\/sites\/14\/2025\/11\/home3new1.png\" class=\"attachment-large size-large\" alt=\"\" srcset=\"https:\/\/graceboutiqueresort.com\/wp-content\/uploads\/sites\/14\/2025\/11\/home3new1.png 341w, https:\/\/graceboutiqueresort.com\/wp-content\/uploads\/sites\/14\/2025\/11\/home3new1-300x290.png 300w\" sizes=\"auto, (max-width: 341px) 100vw, 341px\" \/>\t\t\t\t\t\t\n\t\t\t\t\t<\/div>\n\t\t\t\t\t\t\t\t\n<style>\n#image_722563460 {\n  width: 100%;\n}\n<\/style>\n\t<\/div>\n\t\n\t\t<\/div>\n\t\t\t\t\t<\/div>\n\n\t\n\n\t<div id=\"col-1949334717\" class=\"col medium-4 small-12 large-4\"  >\n\t\t\t\t<div class=\"col-inner\"  >\n\t\t\t\n\t\t\t\n\t<div class=\"img has-hover x md-x lg-x y md-y lg-y\" id=\"image_919864840\">\n\t\t\t\t\t\t\t\t<div class=\"img-inner dark\" >\n\t\t\t<img loading=\"lazy\" decoding=\"async\" width=\"341\" height=\"330\" src=\"https:\/\/graceboutiqueresort.com\/wp-content\/uploads\/sites\/14\/2025\/11\/home3new2.png\" class=\"attachment-large size-large\" alt=\"\" srcset=\"https:\/\/graceboutiqueresort.com\/wp-content\/uploads\/sites\/14\/2025\/11\/home3new2.png 341w, https:\/\/graceboutiqueresort.com\/wp-content\/uploads\/sites\/14\/2025\/11\/home3new2-300x290.png 300w\" sizes=\"auto, (max-width: 341px) 100vw, 341px\" \/>\t\t\t\t\t\t\n\t\t\t\t\t<\/div>\n\t\t\t\t\t\t\t\t\n<style>\n#image_919864840 {\n  width: 100%;\n}\n<\/style>\n\t<\/div>\n\t\n\t\t<\/div>\n\t\t\t\t\t<\/div>\n\n\t\n\n\t<div id=\"col-589541919\" class=\"col medium-4 small-12 large-4\"  >\n\t\t\t\t<div class=\"col-inner\"  >\n\t\t\t\n\t\t\t\n\t<div class=\"img has-hover x md-x lg-x y md-y lg-y\" id=\"image_1263594665\">\n\t\t\t\t\t\t\t\t<div class=\"img-inner dark\" >\n\t\t\t<img loading=\"lazy\" decoding=\"async\" width=\"341\" height=\"330\" src=\"https:\/\/graceboutiqueresort.com\/wp-content\/uploads\/sites\/14\/2025\/11\/home3new3.png\" class=\"attachment-large size-large\" alt=\"\" srcset=\"https:\/\/graceboutiqueresort.com\/wp-content\/uploads\/sites\/14\/2025\/11\/home3new3.png 341w, https:\/\/graceboutiqueresort.com\/wp-content\/uploads\/sites\/14\/2025\/11\/home3new3-300x290.png 300w\" sizes=\"auto, (max-width: 341px) 100vw, 341px\" \/>\t\t\t\t\t\t\n\t\t\t\t\t<\/div>\n\t\t\t\t\t\t\t\t\n<style>\n#image_1263594665 {\n  width: 100%;\n}\n<\/style>\n\t<\/div>\n\t\n\t\t<\/div>\n\t\t\t\t\t<\/div>\n\n\t\n<\/div>\n\t\t<\/div>\n\n\t\t\n<style>\n#section_517740687 {\n  padding-top: 20px;\n  padding-bottom: 20px;\n  background-color: rgb(137, 130, 130);\n}\n#section_517740687 .section-bg-overlay {\n  background-color: rgba(255, 255, 255, 0.85);\n}\n@media (min-width:550px) {\n  #section_517740687 {\n    padding-top: 60px;\n    padding-bottom: 60px;\n  }\n}\n<\/style>\n\t<\/section>\n\t\n\t<div id=\"gap-1776472089\" class=\"gap-element clearfix\" style=\"display:block; height:auto;\">\n\t\t\n<style>\n#gap-1776472089 {\n  padding-top: 30px;\n}\n<\/style>\n\t<\/div>\n\t\n<div class=\"row\"  id=\"row-68882096\">\n\n\t<div id=\"col-1255316019\" class=\"col medium-6 small-12 large-6\"  >\n\t\t\t\t<div class=\"col-inner\"  >\n\t\t\t\n\t\t\t\n<h1><strong>Grace Delicacies &#8211; \u1ea8m Th\u1ef1c Grace <\/strong><\/h1>\n<p style=\"text-align: justify\">T\u1ea1i Khu Ngh\u1ec9 D\u01b0\u1ee1ng Grace Boutique, \u1ea9m th\u1ef1c l\u00e0 m\u1ed9t ph\u1ea7n kh\u00f4ng th\u1ec3 thi\u1ebfu. Ch\u00fang t\u00f4i t\u00f4n vinh di s\u1ea3n \u1ea9m th\u1ef1c phong ph\u00fa c\u1ee7a Vi\u1ec7t Nam, \u0111\u01b0\u1ee3c k\u1ec3 l\u1ea1i th\u00f4ng qua nh\u1eefng h\u01b0\u01a1ng v\u1ecb t\u01b0\u01a1i ngon v\u00e0 s\u1ed1ng \u0111\u1ed9ng, v\u00e0 m\u1edf r\u1ed9ng ra m\u1ed9t th\u1ebf gi\u1edbi c\u1ee7a nh\u1eefng m\u00f3n ph\u01b0\u01a1ng T\u00e2y \u01b0a th\u00edch \u0111\u01b0\u1ee3c ch\u1ecdn l\u1ef1a k\u1ef9 l\u01b0\u1ee1ng \u2014 t\u1ea5t c\u1ea3 \u0111\u1ec1u \u0111\u01b0\u1ee3c th\u1ec3 hi\u1ec7n v\u1edbi m\u1ed9t ch\u00fat tinh t\u1ebf hi\u1ec7n \u0111\u1ea1i \u0111\u1ec3 \u0111\u00e1p \u1ee9ng m\u1ecdi s\u1edf th\u00edch.<\/p>\n<a class=\"button primary lowercase hidden\" style=\"border-radius:99px;\">\n\t\t<span>See All Experiences<\/span>\n\t<\/a>\n\n\t\t<\/div>\n\t\t\t\t\t<\/div>\n\n\t\n\n\t<div id=\"col-1416998251\" class=\"col medium-6 small-12 large-6\"  >\n\t\t\t\t<div class=\"col-inner\"  >\n\t\t\t\n\t\t\t\n\t<div class=\"img has-hover x md-x lg-x y md-y lg-y\" id=\"image_2089699505\">\n\t\t\t\t\t\t\t\t<div class=\"img-inner dark\" >\n\t\t\t<img loading=\"lazy\" decoding=\"async\" width=\"1020\" height=\"681\" src=\"https:\/\/graceboutiqueresort.com\/wp-content\/uploads\/sites\/14\/2025\/09\/top-1024x684.jpg\" class=\"attachment-large size-large\" alt=\"\" srcset=\"https:\/\/graceboutiqueresort.com\/wp-content\/uploads\/sites\/14\/2025\/09\/top-1024x684.jpg 1024w, https:\/\/graceboutiqueresort.com\/wp-content\/uploads\/sites\/14\/2025\/09\/top-300x200.jpg 300w, https:\/\/graceboutiqueresort.com\/wp-content\/uploads\/sites\/14\/2025\/09\/top-768x513.jpg 768w, https:\/\/graceboutiqueresort.com\/wp-content\/uploads\/sites\/14\/2025\/09\/top-1536x1025.jpg 1536w, https:\/\/graceboutiqueresort.com\/wp-content\/uploads\/sites\/14\/2025\/09\/top.jpg 2000w\" sizes=\"auto, (max-width: 1020px) 100vw, 1020px\" \/>\t\t\t\t\t\t\n\t\t\t\t\t<\/div>\n\t\t\t\t\t\t\t\t\n<style>\n#image_2089699505 {\n  width: 100%;\n}\n<\/style>\n\t<\/div>\n\t\n\t\t<\/div>\n\t\t\t\t\t<\/div>\n\n\t\n<\/div>\n\n\t<section class=\"section\" id=\"section_1522903921\">\n\t\t<div class=\"section-bg fill\" >\n\t\t\t\t\t\t\t\t\t<div class=\"section-bg-overlay absolute fill\"><\/div>\n\t\t\t\n\n\t\t<\/div>\n\n\t\t\n\n\t\t<div class=\"section-content relative\">\n\t\t\t\n<div class=\"row\"  id=\"row-1430007952\">\n\n\t<div id=\"col-1818528649\" class=\"col small-12 large-12\"  >\n\t\t\t\t<div class=\"col-inner\"  >\n\t\t\t\n\t\t\t\n<h1>Soul Relaxation &#8211; Th\u01b0 Gi\u00e3n T\u00e2m H\u1ed3n<\/h1>\n<p style=\"text-align: justify\">Tri\u1ebft l\u00fd c\u1ee7a ch\u00fang t\u00f4i b\u1eaft ngu\u1ed3n t\u1eeb ni\u1ec1m tin r\u1eb1ng s\u1ef1 kh\u1ecfe kho\u1eafn th\u1ef1c s\u1ef1 bao g\u1ed3m t\u00e2m tr\u00ed, c\u01a1 th\u1ec3 v\u00e0 tinh th\u1ea7n. Ch\u00fang t\u00f4i l\u1ea5y c\u1ea3m h\u1ee9ng t\u1eeb nh\u1eefng truy\u1ec1n th\u1ed1ng ch\u1eefa l\u00e0nh l\u00e2u \u0111\u1eddi c\u1ee7a Vi\u1ec7t Nam v\u00e0 \u0110\u00f4ng Nam \u00c1, s\u1eed d\u1ee5ng c\u00e1c nguy\u00ean li\u1ec7u t\u1ef1 nhi\u00ean c\u00f3 ngu\u1ed3n g\u1ed1c \u0111\u1ecba ph\u01b0\u01a1ng nh\u01b0 c\u00e0 ph\u00ea, thanh long tr\u00e0n \u0111\u1ea7y s\u1ee9c s\u1ed1ng, v\u00e0 s\u1ea3, g\u1eebng d\u1ecbu nh\u1eb9 trong c\u00e1c li\u1ec7u ph\u00e1p \u0111\u1eb7c tr\u01b0ng c\u1ee7a m\u00ecnh. M\u1ed7i li\u1ec7u ph\u00e1p \u0111\u01b0\u1ee3c thi\u1ebft k\u1ebf kh\u00f4ng ch\u1ec9 \u0111\u1ec3 chi\u1ec1u chu\u1ed9ng b\u1ea1n, m\u00e0 c\u00f2n \u0111\u1ec3 kh\u00f4i ph\u1ee5c s\u1ef1 c\u00e2n b\u1eb1ng v\u00e0 sinh l\u1ef1c c\u1ea7n thi\u1ebft.<\/p>\n\t\t<\/div>\n\t\t\t\t\t<\/div>\n\n\t\n\n\t<div id=\"col-1447158417\" class=\"col medium-4 small-12 large-4\"  >\n\t\t\t\t<div class=\"col-inner\"  >\n\t\t\t\n\t\t\t\n\t<div class=\"img has-hover x md-x lg-x y md-y lg-y\" id=\"image_203830022\">\n\t\t\t\t\t\t\t\t<div class=\"img-inner dark\" >\n\t\t\t<img loading=\"lazy\" decoding=\"async\" width=\"341\" height=\"330\" src=\"https:\/\/graceboutiqueresort.com\/wp-content\/uploads\/sites\/14\/2025\/09\/pic-1.png\" class=\"attachment-large size-large\" alt=\"\" srcset=\"https:\/\/graceboutiqueresort.com\/wp-content\/uploads\/sites\/14\/2025\/09\/pic-1.png 341w, https:\/\/graceboutiqueresort.com\/wp-content\/uploads\/sites\/14\/2025\/09\/pic-1-300x290.png 300w\" sizes=\"auto, (max-width: 341px) 100vw, 341px\" \/>\t\t\t\t\t\t\n\t\t\t\t\t<\/div>\n\t\t\t\t\t\t\t\t\n<style>\n#image_203830022 {\n  width: 100%;\n}\n<\/style>\n\t<\/div>\n\t\n\t\t<\/div>\n\t\t\t\t\t<\/div>\n\n\t\n\n\t<div id=\"col-647259484\" class=\"col medium-4 small-12 large-4\"  >\n\t\t\t\t<div class=\"col-inner\"  >\n\t\t\t\n\t\t\t\n\t<div class=\"img has-hover x md-x lg-x y md-y lg-y\" id=\"image_1525980949\">\n\t\t\t\t\t\t\t\t<div class=\"img-inner dark\" >\n\t\t\t<img loading=\"lazy\" decoding=\"async\" width=\"341\" height=\"330\" src=\"https:\/\/graceboutiqueresort.com\/wp-content\/uploads\/sites\/14\/2025\/09\/pic-2.png\" class=\"attachment-large size-large\" alt=\"\" srcset=\"https:\/\/graceboutiqueresort.com\/wp-content\/uploads\/sites\/14\/2025\/09\/pic-2.png 341w, https:\/\/graceboutiqueresort.com\/wp-content\/uploads\/sites\/14\/2025\/09\/pic-2-300x290.png 300w\" sizes=\"auto, (max-width: 341px) 100vw, 341px\" \/>\t\t\t\t\t\t\n\t\t\t\t\t<\/div>\n\t\t\t\t\t\t\t\t\n<style>\n#image_1525980949 {\n  width: 100%;\n}\n<\/style>\n\t<\/div>\n\t\n\t\t<\/div>\n\t\t\t\t\t<\/div>\n\n\t\n\n\t<div id=\"col-1175847764\" class=\"col medium-4 small-12 large-4\"  >\n\t\t\t\t<div class=\"col-inner\"  >\n\t\t\t\n\t\t\t\n\t<div class=\"img has-hover x md-x lg-x y md-y lg-y\" id=\"image_1770442168\">\n\t\t\t\t\t\t\t\t<div class=\"img-inner dark\" >\n\t\t\t<img loading=\"lazy\" decoding=\"async\" width=\"341\" height=\"330\" src=\"https:\/\/graceboutiqueresort.com\/wp-content\/uploads\/sites\/14\/2025\/09\/pic-3.png\" class=\"attachment-large size-large\" alt=\"\" srcset=\"https:\/\/graceboutiqueresort.com\/wp-content\/uploads\/sites\/14\/2025\/09\/pic-3.png 341w, https:\/\/graceboutiqueresort.com\/wp-content\/uploads\/sites\/14\/2025\/09\/pic-3-300x290.png 300w\" sizes=\"auto, (max-width: 341px) 100vw, 341px\" \/>\t\t\t\t\t\t\n\t\t\t\t\t<\/div>\n\t\t\t\t\t\t\t\t\n<style>\n#image_1770442168 {\n  width: 100%;\n}\n<\/style>\n\t<\/div>\n\t\n\t\t<\/div>\n\t\t\t\t\t<\/div>\n\n\t\n<\/div>\n\t\t<\/div>\n\n\t\t\n<style>\n#section_1522903921 {\n  padding-top: 60px;\n  padding-bottom: 60px;\n  background-color: rgb(137, 130, 130);\n}\n#section_1522903921 .section-bg-overlay {\n  background-color: rgba(255, 255, 255, 0.85);\n}\n<\/style>\n\t<\/section>\n\t\n\n\t<section class=\"section\" id=\"section_1552653178\">\n\t\t<div class=\"section-bg fill\" >\n\t\t\t\t\t\t\t\t\t<div class=\"section-bg-overlay absolute fill\"><\/div>\n\t\t\t\n\n\t\t<\/div>\n\n\t\t\n\n\t\t<div class=\"section-content relative\">\n\t\t\t\n<div class=\"row\"  id=\"row-1827800296\">\n\n\t<div id=\"col-1067154317\" class=\"col small-12 large-12\"  >\n\t\t\t\t<div class=\"col-inner\"  >\n\t\t\t\n\t\t\t\n<h1>Local Attractions &#8211; \u0110i\u1ec3m \u0110\u1ebfn \u0110\u1ecba Ph\u01b0\u01a1ng<\/h1>\n<p style=\"text-align: justify\">L\u01b0u tr\u00fa t\u1ea1i Khu Ngh\u1ec9 D\u01b0\u1ee1ng Grace Boutique l\u00e0 c\u00e1nh c\u1eeda c\u1ee7a b\u1ea1n \u0111\u1ebfn v\u1edbi cu\u1ed9c phi\u00eau l\u01b0u. M\u0169i N\u00e9 l\u00e0 m\u1ed9t \u0111i\u1ec3m \u0111\u1ebfn v\u1edbi v\u1ebb \u0111\u1eb9p thi\u00ean nhi\u00ean ngo\u1ea1n m\u1ee5c, t\u1eeb nh\u1eefng c\u1ed3n c\u00e1t tr\u1ea3i d\u00e0i \u0111\u1ebfn nh\u1eefng l\u00e0ng ch\u00e0i nh\u1ed9n nh\u1ecbp. D\u00f9 b\u1ea1n l\u00e0 m\u1eabu ng\u01b0\u1eddi th\u00edch phi\u00eau l\u01b0u hay \u0111am m\u00ea h\u00f2a m\u00ecnh v\u00e0o v\u0103n h\u00f3a, b\u1ea1n s\u1ebd t\u00ecm th\u1ea5y m\u1ed9t tr\u1ea3i nghi\u1ec7m kh\u00f3 qu\u00ean ch\u1ec9 c\u00e1ch \u0111\u00f3 v\u00e0i b\u01b0\u1edbc ch\u00e2n.<\/p>\n<details class=\"twv-readmore\">\n<summary><span class=\"more\">Xem th\u00eam<\/span><span class=\"less\">Thu g\u1ecdn<\/span><\/summary>\n<ul>\n<li>Su\u1ed1i Ti\u00ean 2.3km<\/li>\n<li>Th\u00e1p Ch\u00e0m Poshanu 6.9km<\/li>\n<li>L\u00e0ng ch\u00e0i M\u0169i N\u00e9 5.1km<\/li>\n<li>Lotte Mart 14.8km<\/li>\n<li>\u0110\u1ed3i c\u00e1t \u0111\u1ecf 12.2km<\/li>\n<li>\u0110\u1ed3i c\u00e1t tr\u1eafng 31.6km<\/li>\n<li>N\u00fai T\u00e0 C\u00fa 47km<\/li>\n<li>\u0110\u00e0 L\u1ea1t 160km<\/li>\n<li>Th\u00e0nh ph\u1ed1 H\u1ed3 Ch\u00ed Minh 193km<\/li>\n<\/ul>\n<\/details>\n\t\t<\/div>\n\t\t\t\t\t<\/div>\n\n\t\n\n\t<div id=\"col-2065884054\" class=\"col medium-4 small-12 large-4\"  >\n\t\t\t\t<div class=\"col-inner\"  >\n\t\t\t\n\t\t\t\n\t<div class=\"img has-hover x md-x lg-x y md-y lg-y\" id=\"image_542145898\">\n\t\t\t\t\t\t\t\t<div class=\"img-inner dark\" >\n\t\t\t<img loading=\"lazy\" decoding=\"async\" width=\"341\" height=\"330\" src=\"https:\/\/graceboutiqueresort.com\/wp-content\/uploads\/sites\/14\/2025\/09\/Local-1.png\" class=\"attachment-large size-large\" alt=\"\" srcset=\"https:\/\/graceboutiqueresort.com\/wp-content\/uploads\/sites\/14\/2025\/09\/Local-1.png 341w, https:\/\/graceboutiqueresort.com\/wp-content\/uploads\/sites\/14\/2025\/09\/Local-1-300x290.png 300w\" sizes=\"auto, (max-width: 341px) 100vw, 341px\" \/>\t\t\t\t\t\t\n\t\t\t\t\t<\/div>\n\t\t\t\t\t\t\t\t\n<style>\n#image_542145898 {\n  width: 100%;\n}\n<\/style>\n\t<\/div>\n\t\n\t\t<\/div>\n\t\t\t\t\t<\/div>\n\n\t\n\n\t<div id=\"col-1542010442\" class=\"col medium-4 small-12 large-4\"  >\n\t\t\t\t<div class=\"col-inner\"  >\n\t\t\t\n\t\t\t\n\t<div class=\"img has-hover x md-x lg-x y md-y lg-y\" id=\"image_643146530\">\n\t\t\t\t\t\t\t\t<div class=\"img-inner dark\" >\n\t\t\t<img loading=\"lazy\" decoding=\"async\" width=\"341\" height=\"330\" src=\"https:\/\/graceboutiqueresort.com\/wp-content\/uploads\/sites\/14\/2025\/09\/Local-2.png\" class=\"attachment-large size-large\" alt=\"\" srcset=\"https:\/\/graceboutiqueresort.com\/wp-content\/uploads\/sites\/14\/2025\/09\/Local-2.png 341w, https:\/\/graceboutiqueresort.com\/wp-content\/uploads\/sites\/14\/2025\/09\/Local-2-300x290.png 300w\" sizes=\"auto, (max-width: 341px) 100vw, 341px\" \/>\t\t\t\t\t\t\n\t\t\t\t\t<\/div>\n\t\t\t\t\t\t\t\t\n<style>\n#image_643146530 {\n  width: 100%;\n}\n<\/style>\n\t<\/div>\n\t\n\t\t<\/div>\n\t\t\t\t\t<\/div>\n\n\t\n\n\t<div id=\"col-502351083\" class=\"col medium-4 small-12 large-4\"  >\n\t\t\t\t<div class=\"col-inner\"  >\n\t\t\t\n\t\t\t\n\t<div class=\"img has-hover x md-x lg-x y md-y lg-y\" id=\"image_1503377713\">\n\t\t\t\t\t\t\t\t<div class=\"img-inner dark\" >\n\t\t\t<img loading=\"lazy\" decoding=\"async\" width=\"341\" height=\"330\" src=\"https:\/\/graceboutiqueresort.com\/wp-content\/uploads\/sites\/14\/2025\/09\/Local-3.png\" class=\"attachment-large size-large\" alt=\"\" srcset=\"https:\/\/graceboutiqueresort.com\/wp-content\/uploads\/sites\/14\/2025\/09\/Local-3.png 341w, https:\/\/graceboutiqueresort.com\/wp-content\/uploads\/sites\/14\/2025\/09\/Local-3-300x290.png 300w\" sizes=\"auto, (max-width: 341px) 100vw, 341px\" \/>\t\t\t\t\t\t\n\t\t\t\t\t<\/div>\n\t\t\t\t\t\t\t\t\n<style>\n#image_1503377713 {\n  width: 100%;\n}\n<\/style>\n\t<\/div>\n\t\n\t\t<\/div>\n\t\t\t\t\t<\/div>\n\n\t\n<\/div>\n\t\t<\/div>\n\n\t\t\n<style>\n#section_1552653178 {\n  padding-top: 60px;\n  padding-bottom: 60px;\n}\n#section_1552653178 .section-bg-overlay {\n  background-color: rgba(255, 255, 255, 0.85);\n}\n<\/style>\n\t<\/section>\n\t\n\n\t<section class=\"section\" id=\"section_1005621467\">\n\t\t<div class=\"section-bg fill\" >\n\t\t\t\t\t\t\t\t\t<div class=\"section-bg-overlay absolute fill\"><\/div>\n\t\t\t\n\n\t\t<\/div>\n\n\t\t\n\n\t\t<div class=\"section-content relative\">\n\t\t\t\n<div class=\"row\"  id=\"row-1433709587\">\n\n\t<div id=\"col-1021642269\" class=\"col small-12 large-12\"  >\n\t\t\t\t<div class=\"col-inner\"  >\n\t\t\t\n\t\t\t\n<div class=\"twv-map-embed\"><iframe class=\"twv-map-iframe\" title=\"Google Map\" style=\"width:100%;height:360px;border:0;\" loading=\"lazy\" referrerpolicy=\"no-referrer-when-downgrade\" src=\"https:\/\/www.google.com\/maps\/embed?pb=!1m14!1m8!1m3!1d7834.22552523144!2d108.235595!3d10.954854!3m2!1i1024!2i768!4f13.1!3m3!1m2!1s0x317685567755dc57%3A0x5f6a060a182ad593!2sGrace%20Boutique%20Resort!5e0!3m2!1svi!2sde!4v1757796162949!5m2!1svi!2sde\"><\/iframe><\/div>\n\t\t<\/div>\n\t\t\t\t\t<\/div>\n\n\t\n<\/div>\n\t\t<\/div>\n\n\t\t\n<style>\n#section_1005621467 {\n  padding-top: 10px;\n  padding-bottom: 10px;\n  background-color: rgb(137, 130, 130);\n}\n#section_1005621467 .section-bg-overlay {\n  background-color: rgba(255, 255, 255, 0.85);\n}\n@media (min-width:550px) {\n  #section_1005621467 {\n    padding-top: 60px;\n    padding-bottom: 60px;\n  }\n}\n<\/style>\n\t<\/section>\n\t\n","protected":false},"excerpt":{"rendered":"","protected":false},"author":2,"featured_media":0,"parent":0,"menu_order":0,"comment_status":"closed","ping_status":"closed","template":"page-blank.php","meta":{"footnotes":""},"class_list":["post-114","page","type-page","status-publish","hentry"],"_links":{"self":[{"href":"https:\/\/graceboutiqueresort.com\/vi\/wp-json\/wp\/v2\/pages\/114","targetHints":{"allow":["GET"]}}],"collection":[{"href":"https:\/\/graceboutiqueresort.com\/vi\/wp-json\/wp\/v2\/pages"}],"about":[{"href":"https:\/\/graceboutiqueresort.com\/vi\/wp-json\/wp\/v2\/types\/page"}],"author":[{"embeddable":true,"href":"https:\/\/graceboutiqueresort.com\/vi\/wp-json\/wp\/v2\/users\/2"}],"replies":[{"embeddable":true,"href":"https:\/\/graceboutiqueresort.com\/vi\/wp-json\/wp\/v2\/comments?post=114"}],"version-history":[{"count":0,"href":"https:\/\/graceboutiqueresort.com\/vi\/wp-json\/wp\/v2\/pages\/114\/revisions"}],"wp:attachment":[{"href":"https:\/\/graceboutiqueresort.com\/vi\/wp-json\/wp\/v2\/media?parent=114"}],"curies":[{"name":"wp","href":"https:\/\/api.w.org\/{rel}","templated":true}]}}